{"id":15,"date":"2012-03-07T21:47:27","date_gmt":"2012-03-07T20:47:27","guid":{"rendered":"\/?page_id=15"},"modified":"2012-03-20T09:31:36","modified_gmt":"2012-03-20T08:31:36","slug":"la-boutique","status":"publish","type":"page","link":"https:\/\/www.juliasdressing.com\/?page_id=15","title":{"rendered":"La boutique"},"content":{"rendered":"<p><span style=\"color: #333333;\"><strong><br \/>\n<\/strong><\/span><\/p>\n<p><span style=\"color: #333333;\"><a href=\"\/wp-content\/uploads\/2012\/03\/photo1-juliadressing1.jpg\"><span style=\"color: #333333;\"><img loading=\"lazy\" decoding=\"async\" class=\"alignleft size-thumbnail wp-image-50\" style=\"border-width: 10px; border-color: white; border-style: solid;\" title=\"photo1 julia'dressing\" src=\"\/wp-content\/uploads\/2012\/03\/photo1-juliadressing1-150x150.jpg\" alt=\"\" width=\"150\" height=\"150\" \/><\/span><\/a>Julia Pleynes, collectionneuse avertie, nous ouvre ici les portes de son dressing. N&rsquo;y cherchez pas une logique marketing par rapport aux tendances actuelles: vous n&rsquo;y trouverez que de v\u00e9ritables coups de c\u0153ur !<strong> <\/strong><\/span><\/p>\n<p><span style=\"color: #333333;\"><strong>Des pi\u00e8ces vintage au style intemporel<\/strong> que vous porterez encore dans vingt ans et qui ne cesseront pas de prendre de la valeur.<\/span><\/p>\n<p><span style=\"color: #333333;\">Les v\u00eatements vont des ann\u00e9es 20 aux ann\u00e9es 80 avec une certaine pr\u00e9dilection pour Pucci, Cardin, Courr\u00e8ges et YSL des ann\u00e9es 60 et 70. S&rsquo;y m\u00e9langent encore <strong>pr\u00eat-\u00e0-porter, haute couture<\/strong> (Chanel, YSL, Valentino, Jean Dess\u00e8s) et<strong> sans label<\/strong> avec une jubilation d\u00e9lectable.\u00a0Julia appr\u00e9cie aussi les<strong> labels plus confidentiels en Europe,<\/strong> que sont les marques am\u00e9ricaines et anglaises Halston, Gernreich, Bill Blass, Bob Bugnand, Zandra Rhodes ou encore Oscar de la Renta.<\/span><\/p>\n<p><span style=\"color: #333333;\">Vous trouverez \u00e9galement toute la gamme des <strong>accessoires<\/strong> allant des sacs (Herm\u00e8s, Chanel) aux pochettes (Dior, Pucci), en passant par les valises (Gucci). Sans oublier escarpins, bottes, lunettes, chapeaux et bijoux.<\/span><\/p>\n<p><span style=\"color: #333333;\"><em>Julia&rsquo;s Dressing\u00a0<\/em>pr\u00e9sente aussi en <strong>exclusivit\u00e9<\/strong> \u00e0 Gen\u00e8ve (en dehors du showroom de la marque) les bijoux et bijoux de cheveux <em><strong><a href=\"http:\/\/www.alexandradarier.com\"><span style=\"color: #333333;\">Alexandra Darier<\/span><\/a>\u00a0<\/strong>:<\/em> des cr\u00e9ations f\u00e9minines et gracieuses dans un esprit boh\u00eame.<\/span><\/p>\n<p><span style=\"color: #333333;\"><strong>Corner vintage enfants<\/strong><\/span><\/p>\n<p><span style=\"color: #333333;\"><img loading=\"lazy\" decoding=\"async\" class=\"alignleft  wp-image-44\" style=\"border-width: 10px; border-color: white; border-style: solid;\" title=\"JuliasDressing_enfants BD\" src=\"\/wp-content\/uploads\/2012\/03\/JuliasDressing_enfants-BD-188x300.jpg\" alt=\"\" width=\"150\" height=\"240\" srcset=\"https:\/\/www.juliasdressing.com\/wp-content\/uploads\/2012\/03\/JuliasDressing_enfants-BD-188x300.jpg 188w, https:\/\/www.juliasdressing.com\/wp-content\/uploads\/2012\/03\/JuliasDressing_enfants-BD-641x1024.jpg 641w, https:\/\/www.juliasdressing.com\/wp-content\/uploads\/2012\/03\/JuliasDressing_enfants-BD-950x1515.jpg 950w\" sizes=\"(max-width: 150px) 100vw, 150px\" \/><\/span><\/p>\n<p><span style=\"color: #333333;\">Issu d&rsquo;un stock des ann\u00e9es 60 et 70, toute une collection de v\u00eatements neufs pour enfants est disponible.<\/span><\/p>\n<p><span style=\"color: #333333;\">De v\u00e9ritables pi\u00e8ces d&rsquo;exception avec des<strong> finitions faites main<\/strong> &#8211; rien n&rsquo;est trop beau pour la prunelle de nos yeux ! Manteaux, robes, pyjamas, chapeaux, chaussures allant de 8 mois \u00e0 12 ans&#8230;<\/span><\/p>\n<p><span style=\"color: #333333;\"><strong>Espace d\u00e9p\u00f4t-vente<\/strong><\/span><\/p>\n<p><span style=\"color: #333333;\">Pour les fans de shopping qui souhaitent se s\u00e9parer d&rsquo;une pi\u00e8ce dont elles se sont lass\u00e9es,\u00a0<em>Julia&rsquo;s Dressing\u00a0<\/em>propose \u00e9galement un <strong>service d\u00e9p\u00f4t-vente<\/strong>. A vos placards donc !<\/span><\/p>\n","protected":false},"excerpt":{"rendered":"<p>Julia Pleynes, collectionneuse avertie, nous ouvre ici les portes de son dressing. N&rsquo;y cherchez pas une logique marketing par rapport aux tendances actuelles: vous n&rsquo;y trouverez que de v\u00e9ritables coups de c\u0153ur ! Des pi\u00e8ces vintage au style intemporel que vous porterez encore dans vingt ans et qui ne cesseront pas de prendre de la [&hellip;]<\/p>\n","protected":false},"author":1,"featured_media":0,"parent":0,"menu_order":3,"comment_status":"closed","ping_status":"open","template":"","meta":{"footnotes":""},"aioseo_notices":[],"_links":{"self":[{"href":"https:\/\/www.juliasdressing.com\/index.php?rest_route=\/wp\/v2\/pages\/15"}],"collection":[{"href":"https:\/\/www.juliasdressing.com\/index.php?rest_route=\/wp\/v2\/pages"}],"about":[{"href":"https:\/\/www.juliasdressing.com\/index.php?rest_route=\/wp\/v2\/types\/page"}],"author":[{"embeddable":true,"href":"https:\/\/www.juliasdressing.com\/index.php?rest_route=\/wp\/v2\/users\/1"}],"replies":[{"embeddable":true,"href":"https:\/\/www.juliasdressing.com\/index.php?rest_route=%2Fwp%2Fv2%2Fcomments&post=15"}],"version-history":[{"count":16,"href":"https:\/\/www.juliasdressing.com\/index.php?rest_route=\/wp\/v2\/pages\/15\/revisions"}],"predecessor-version":[{"id":111,"href":"https:\/\/www.juliasdressing.com\/index.php?rest_route=\/wp\/v2\/pages\/15\/revisions\/111"}],"wp:attachment":[{"href":"https:\/\/www.juliasdressing.com\/index.php?rest_route=%2Fwp%2Fv2%2Fmedia&parent=15"}],"curies":[{"name":"wp","href":"https:\/\/api.w.org\/{rel}","templated":true}]}}